{"id":21,"date":"2024-07-05T14:27:13","date_gmt":"2024-07-05T14:27:13","guid":{"rendered":"https:\/\/escueladepitch.com\/?page_id=21"},"modified":"2024-07-05T16:14:59","modified_gmt":"2024-07-05T16:14:59","slug":"home","status":"publish","type":"page","link":"https:\/\/escueladepitch.com\/es\/","title":{"rendered":"Home"},"content":{"rendered":"<!--themify_builder_content-->\n<div id=\"themify_builder_content-21\" data-postid=\"21\" class=\"themify_builder_content themify_builder_content-21 themify_builder tf_clear\">\n                    <div  data-lazy=\"1\" class=\"module_row themify_builder_row tb_tk4s577 tb_first tf_w\">\n            <span class=\"builder_row_cover tf_abs\"><\/span>            <div class=\"row_inner col_align_top tb_col_count_1 tf_box tf_rel\">\n                        <div  data-lazy=\"1\" class=\"module_column tb-column col-full tb_sdvy577 first\">\n                    <!-- module image -->\n<div  class=\"module module-image tb_khc6145 image-center   tf_mw\" data-lazy=\"1\">\n        <div class=\"image-wrap tf_rel tf_mw\">\n            <img loading=\"lazy\" decoding=\"async\" width=\"350\" height=\"300\" src=\"https:\/\/escueladepitch.com\/wp-content\/uploads\/2024\/07\/fdgfdg.png\" class=\"wp-post-image wp-image-29\" title=\"fdgfdg\" alt=\"fdgfdg\" srcset=\"https:\/\/escueladepitch.com\/wp-content\/uploads\/2024\/07\/fdgfdg.png 350w, https:\/\/escueladepitch.com\/wp-content\/uploads\/2024\/07\/fdgfdg-300x257.png 300w, https:\/\/escueladepitch.com\/wp-content\/uploads\/2024\/07\/fdgfdg-147x126.png 147w\" sizes=\"auto, (max-width: 350px) 100vw, 350px\" \/>    \n        <\/div>\n    <!-- \/image-wrap -->\n    \n        <\/div>\n<!-- \/module image -->        <\/div>\n                        <\/div>\n        <\/div>\n                        <div  data-lazy=\"1\" class=\"module_row themify_builder_row tb_3mp8900 tf_w\">\n                        <div class=\"row_inner col_align_top tb_col_count_1 tf_box tf_rel\">\n                        <div  data-lazy=\"1\" class=\"module_column tb-column col-full tb_t9q4902 first\">\n                            <div  data-lazy=\"1\" class=\"module_subrow themify_builder_sub_row tf_w col_align_middle tb_col_count_2 tb_6w6h682\">\n                <div  data-lazy=\"1\" class=\"module_column sub_column col4-2 tb_hlop684 first\">\n                    <!-- module text -->\n<div  class=\"module module-text tb_5re8705\" data-lazy=\"1\">\n        <div  class=\"tb_text_wrap\">\n        <p>Amplia tu <strong>visi\u00f3n<\/strong> del <span style=\"color: #0bbde1\"><strong>Pitch<\/strong><\/span> y aumenta su <strong>efectividad<\/strong><\/p>\n    <\/div>\n<\/div>\n<!-- \/module text -->        <\/div>\n                    <div  data-lazy=\"1\" class=\"module_column sub_column col4-2 tb_jpvz685 last\">\n                    <!-- module image -->\n<div  class=\"module module-image tb_o8fe961 image-top   tf_mw\" data-lazy=\"1\">\n        <div class=\"image-wrap tf_rel tf_mw\">\n            <img loading=\"lazy\" decoding=\"async\" width=\"994\" height=\"1473\" src=\"https:\/\/escueladepitch.com\/wp-content\/uploads\/2024\/07\/img10.jpg\" class=\"wp-post-image wp-image-26\" title=\"img10\" alt=\"img10\" srcset=\"https:\/\/escueladepitch.com\/wp-content\/uploads\/2024\/07\/img10.jpg 994w, https:\/\/escueladepitch.com\/wp-content\/uploads\/2024\/07\/img10-202x300.jpg 202w, https:\/\/escueladepitch.com\/wp-content\/uploads\/2024\/07\/img10-691x1024.jpg 691w, https:\/\/escueladepitch.com\/wp-content\/uploads\/2024\/07\/img10-768x1138.jpg 768w\" sizes=\"auto, (max-width: 994px) 100vw, 994px\" \/>    \n        <\/div>\n    <!-- \/image-wrap -->\n    \n        <\/div>\n<!-- \/module image -->        <\/div>\n                    <\/div>\n                <\/div>\n                        <\/div>\n        <\/div>\n                        <div  data-lazy=\"1\" class=\"module_row themify_builder_row tb_y9pm392 tf_w\">\n                        <div class=\"row_inner col_align_top tb_col_count_1 tf_box tf_rel\">\n                        <div  data-lazy=\"1\" class=\"module_column tb-column col-full tb_qvbj393 first\">\n                    <!-- module image -->\n<div  class=\"module module-image tb_1pb9325 image-top   tf_mw\" data-lazy=\"1\">\n        <div class=\"image-wrap tf_rel tf_mw\">\n            <img loading=\"lazy\" decoding=\"async\" width=\"350\" height=\"300\" src=\"https:\/\/escueladepitch.com\/wp-content\/uploads\/2024\/07\/fdgfdg.png\" class=\"wp-post-image wp-image-29\" title=\"fdgfdg\" alt=\"fdgfdg\" srcset=\"https:\/\/escueladepitch.com\/wp-content\/uploads\/2024\/07\/fdgfdg.png 350w, https:\/\/escueladepitch.com\/wp-content\/uploads\/2024\/07\/fdgfdg-300x257.png 300w, https:\/\/escueladepitch.com\/wp-content\/uploads\/2024\/07\/fdgfdg-147x126.png 147w\" sizes=\"auto, (max-width: 350px) 100vw, 350px\" \/>    \n        <\/div>\n    <!-- \/image-wrap -->\n    \n        <\/div>\n<!-- \/module image --><!-- module text -->\n<div  class=\"module module-text tb_0mo4308\" data-lazy=\"1\">\n        <div  class=\"tb_text_wrap\">\n        <p>Prop\u00f3sito EDP<\/p>    <\/div>\n<\/div>\n<!-- \/module text --><!-- module text -->\n<div  class=\"module module-text tb_18o8789\" data-lazy=\"1\">\n        <div  class=\"tb_text_wrap\">\n        <p>Transformar el <strong style=\"color: #166b97\">pitch<\/strong> en una herramienta estrat\u00e9gica para el <strong style=\"color: #166b97\">\u00e9xito<\/strong><\/p>\n    <\/div>\n<\/div>\n<!-- \/module text -->        <\/div>\n                        <\/div>\n        <\/div>\n                        <div  data-lazy=\"1\" class=\"module_row themify_builder_row tb_3yus693 tf_w\">\n                        <div class=\"row_inner col_align_top tb_col_count_1 tf_box tf_rel\">\n                        <div  data-lazy=\"1\" class=\"module_column tb-column col-full tb_5sep695 first\">\n                    <!-- module text -->\n<div  class=\"module module-text tb_0ukx403\" data-lazy=\"1\">\n        <div  class=\"tb_text_wrap\">\n        <p>Escuela de Pitch<\/p>    <\/div>\n<\/div>\n<!-- \/module text --><!-- module text -->\n<div  class=\"module module-text tb_uir1995\" data-lazy=\"1\">\n        <div  class=\"tb_text_wrap\">\n        <p>Es la academia de nueva generaci\u00f3n que amplia el significado y uso del pitch para aumentar la efectividad en el ecosistema emprendedor.<\/p>    <\/div>\n<\/div>\n<!-- \/module text --><!-- module text -->\n<div  class=\"module module-text tb_tff3606\" data-lazy=\"1\">\n        <div  class=\"tb_text_wrap\">\n        <p>Sabemos que el Pitch es una herramienta para:<\/p>    <\/div>\n<\/div>\n<!-- \/module text -->        <div  data-lazy=\"1\" class=\"module_subrow themify_builder_sub_row tf_w col_align_top tb_col_count_3 tb_9k5n648\">\n                <div  data-lazy=\"1\" class=\"module_column sub_column col3-1 tb_2e4f648 first\">\n                    <!-- module feature -->\n<div  class=\"module module-feature tb_ktwx921 no-chart layout-icon-top size-small\" data-layout-mobile=\"icon-top\" data-layout-desktop=\"icon-top\" data-lazy=\"1\">\n        <div class=\"module-feature-image tf_textc tf_rel\">\n                            <span class=\"module-feature-chart-html5 tf_box tf_rel tf_inline_b\">\n                                <span class=\"chart-html5-circle tf_w tf_h\">\n                                            <em class=\"module-feature-icon tf_rel\" style=\"color:#adf2ff\"><svg  class=\"tf_fa tf-ti-target\" aria-hidden=\"true\"><use href=\"#tf-ti-target\"><\/use><\/svg><\/em>\n                                    <\/span>\n\n                \n            <\/span>\n                <\/div>\n    <div class=\"module-feature-content tf_textc\">\n                    <h3 class=\"module-feature-title\">\n                            Capturar la atenci\u00f3n                        <\/h3>\n                    <div class=\"tb_text_wrap\">\n                    <\/div>\n    <\/div>\n<\/div>\n<!-- \/module feature -->\n        <\/div>\n                    <div  data-lazy=\"1\" class=\"module_column sub_column col3-1 tb_73kk649\">\n                    <!-- module feature -->\n<div  class=\"module module-feature tb_gruo828 no-chart layout-icon-top size-small\" data-layout-mobile=\"icon-top\" data-layout-desktop=\"icon-top\" data-lazy=\"1\">\n        <div class=\"module-feature-image tf_textc tf_rel\">\n                            <span class=\"module-feature-chart-html5 tf_box tf_rel tf_inline_b\">\n                                <span class=\"chart-html5-circle tf_w tf_h\">\n                                            <em class=\"module-feature-icon tf_rel\" style=\"color:#adf2ff\"><svg  class=\"tf_fa tf-ti-star\" aria-hidden=\"true\"><use href=\"#tf-ti-star\"><\/use><\/svg><\/em>\n                                    <\/span>\n\n                \n            <\/span>\n                <\/div>\n    <div class=\"module-feature-content tf_textc\">\n                    <h3 class=\"module-feature-title\">\n                            Generar confianza y credibilidad                        <\/h3>\n                    <div class=\"tb_text_wrap\">\n                    <\/div>\n    <\/div>\n<\/div>\n<!-- \/module feature -->\n        <\/div>\n                    <div  data-lazy=\"1\" class=\"module_column sub_column col3-1 tb_uprj649 last\">\n                    <!-- module feature -->\n<div  class=\"module module-feature tb_o9wz406 no-chart layout-icon-top size-small\" data-layout-mobile=\"icon-top\" data-layout-desktop=\"icon-top\" data-lazy=\"1\">\n        <div class=\"module-feature-image tf_textc tf_rel\">\n                            <span class=\"module-feature-chart-html5 tf_box tf_rel tf_inline_b\">\n                                <span class=\"chart-html5-circle tf_w tf_h\">\n                                            <em class=\"module-feature-icon tf_rel\" style=\"color:#adf2ff\"><svg  class=\"tf_fa tf-ti-user\" aria-hidden=\"true\"><use href=\"#tf-ti-user\"><\/use><\/svg><\/em>\n                                    <\/span>\n\n                \n            <\/span>\n                <\/div>\n    <div class=\"module-feature-content tf_textc\">\n                    <h3 class=\"module-feature-title\">\n                            Crear Oportunidades                        <\/h3>\n                    <div class=\"tb_text_wrap\">\n                    <\/div>\n    <\/div>\n<\/div>\n<!-- \/module feature -->\n        <\/div>\n                    <\/div>\n                <\/div>\n                        <\/div>\n        <\/div>\n                        <div  data-lazy=\"1\" class=\"module_row themify_builder_row tb_ilie138 tf_w\">\n                        <div class=\"row_inner col_align_top tb_col_count_1 tf_box tf_rel\">\n                        <div  data-lazy=\"1\" class=\"module_column tb-column col-full tb_3tjq139 first\">\n                            <div  data-lazy=\"1\" class=\"module_subrow themify_builder_sub_row tf_w col_align_top tb_col_count_2 tb_2xhb680\">\n                <div  data-lazy=\"1\" class=\"module_column sub_column col4-2 tb_ui4h680 first\">\n                    <!-- module image -->\n<div  class=\"module module-image tb_i89v539 image-top   tf_mw\" data-lazy=\"1\">\n        <div class=\"image-wrap tf_rel tf_mw\">\n            <img loading=\"lazy\" decoding=\"async\" width=\"927\" height=\"1074\" src=\"https:\/\/escueladepitch.com\/wp-content\/uploads\/2024\/07\/img29.jpg\" class=\"wp-post-image wp-image-28\" title=\"img29\" alt=\"img29\" srcset=\"https:\/\/escueladepitch.com\/wp-content\/uploads\/2024\/07\/img29.jpg 927w, https:\/\/escueladepitch.com\/wp-content\/uploads\/2024\/07\/img29-259x300.jpg 259w, https:\/\/escueladepitch.com\/wp-content\/uploads\/2024\/07\/img29-884x1024.jpg 884w, https:\/\/escueladepitch.com\/wp-content\/uploads\/2024\/07\/img29-768x890.jpg 768w\" sizes=\"auto, (max-width: 927px) 100vw, 927px\" \/>    \n        <\/div>\n    <!-- \/image-wrap -->\n    \n        <\/div>\n<!-- \/module image -->        <\/div>\n                    <div  data-lazy=\"1\" class=\"module_column sub_column col4-2 tb_3hvp681 last\">\n                    <!-- module text -->\n<div  class=\"module module-text tb_vrqr128\" data-lazy=\"1\">\n        <div  class=\"tb_text_wrap\">\n        <p>Principios de la EDP<\/p>    <\/div>\n<\/div>\n<!-- \/module text --><!-- module text -->\n<div  class=\"module module-text tb_n9wt94\" data-lazy=\"1\">\n        <div  class=\"tb_text_wrap\">\n        <ul>\n<li>Priorizar en la  <strong style=\"color: #166b97;\">CLARIDAD<\/strong> y la consici\u00f3n en la comunicaci\u00f3n.<\/li>\n<li>Generar un <strong style=\"color: #166b97;\">IMPACTO EMOCIONAL<\/strong> en la audiencia mediante la narrativa y el storytelling.<\/li>\n<li>Promover la autenticidad y la <strong style=\"color: #166b97;\">CREDIBILIDAD<\/strong> de las acciones en el discurso.<\/li>\n<li>Fomentar la <strong style=\"color: #166b97;\">ADAPTABILIDAD<\/strong> en funci\u00f3n de la audiencia.<\/li>\n<li>Buscar constante <strong style=\"color: #166b97;\">FEEDBACK<\/strong> para descubrir oportunidades.<\/li>\n<\/ul>\n    <\/div>\n<\/div>\n<!-- \/module text -->        <\/div>\n                    <\/div>\n                <\/div>\n                        <\/div>\n        <\/div>\n                        <div  data-lazy=\"1\" class=\"module_row themify_builder_row tb_2agz113 tf_w\">\n                        <div class=\"row_inner col_align_top tb_col_count_1 tf_box tf_rel\">\n                        <div  data-lazy=\"1\" class=\"module_column tb-column col-full tb_ntf3115 first\">\n                            <div  data-lazy=\"1\" class=\"module_subrow themify_builder_sub_row tf_w col_align_middle tb_col_count_2 tb_ozrj327\">\n                <div  data-lazy=\"1\" class=\"module_column sub_column col4-2 tb_z1gy327 first\">\n                    <!-- module text -->\n<div  class=\"module module-text tb_aozl926\" data-lazy=\"1\">\n        <div  class=\"tb_text_wrap\">\n        <p>\u00bfC\u00f3mo lo hacemos?<\/p>    <\/div>\n<\/div>\n<!-- \/module text -->        <\/div>\n                    <div  data-lazy=\"1\" class=\"module_column sub_column col4-2 tb_feho329 last\">\n                    <!-- module image -->\n<div  class=\"module module-image tb_ldkb847 image-top   tf_mw\" data-lazy=\"1\">\n        <div class=\"image-wrap tf_rel tf_mw\">\n            <img loading=\"lazy\" decoding=\"async\" width=\"614\" height=\"614\" src=\"https:\/\/escueladepitch.com\/wp-content\/uploads\/2024\/07\/imgedp.png\" class=\"wp-post-image wp-image-34\" title=\"imgedp\" alt=\"imgedp\" srcset=\"https:\/\/escueladepitch.com\/wp-content\/uploads\/2024\/07\/imgedp.png 614w, https:\/\/escueladepitch.com\/wp-content\/uploads\/2024\/07\/imgedp-300x300.png 300w, https:\/\/escueladepitch.com\/wp-content\/uploads\/2024\/07\/imgedp-150x150.png 150w\" sizes=\"auto, (max-width: 614px) 100vw, 614px\" \/>    \n        <\/div>\n    <!-- \/image-wrap -->\n    \n        <\/div>\n<!-- \/module image -->        <\/div>\n                    <\/div>\n                <\/div>\n                        <\/div>\n        <\/div>\n                        <div  data-lazy=\"1\" class=\"module_row themify_builder_row tb_ugbf601 tf_w\">\n            <span class=\"builder_row_cover tf_abs\"><\/span>            <div class=\"row_inner col_align_top tb_col_count_1 tf_box tf_rel\">\n                        <div  data-lazy=\"1\" class=\"module_column tb-column col-full tb_pucn601 first\">\n                    <!-- module text -->\n<div  class=\"module module-text tb_gs9y499\" data-lazy=\"1\">\n        <div  class=\"tb_text_wrap\">\n        <p>Seed<span style=\"background: #166b96; color: #fff\">Back<\/span><\/p>\n    <\/div>\n<\/div>\n<!-- \/module text --><!-- module text -->\n<div  class=\"module module-text tb_x54k783\" data-lazy=\"1\">\n        <div  class=\"tb_text_wrap\">\n        <p>Modelo \u00fanico y pionero que sistematiza el feedback para dise\u00f1ar un plan claro de mejora y aumentar las probabilidades de \u00e9xito.<\/p>    <\/div>\n<\/div>\n<!-- \/module text -->        <\/div>\n                        <\/div>\n        <\/div>\n                        <div  data-lazy=\"1\" class=\"module_row themify_builder_row tb_1yak633 tf_w\">\n                        <div class=\"row_inner col_align_top tb_col_count_1 tf_box tf_rel\">\n                        <div  data-lazy=\"1\" class=\"module_column tb-column col-full tb_6nra633 first\">\n                    <!-- module text -->\n<div  class=\"module module-text tb_ln8j57\" data-lazy=\"1\">\n        <div  class=\"tb_text_wrap\">\n        <p>Beneficios de la ESCUELA DE PITCH<\/p>    <\/div>\n<\/div>\n<!-- \/module text --><!-- module text -->\n<div  class=\"module module-text tb_docn703\" data-lazy=\"1\">\n        <div  class=\"tb_text_wrap\">\n        <ul>\n<li>Comunicaci\u00f3n Impactante<\/li>\n<li>Confianza y Credibilidad<\/li>\n<li>Red de Contactos de Calidad<\/li>\n<li>Estrategia Empresarial Mejorada<\/li>\n<li>Feedback Personalizado<\/li>\n<li>Adaptabilidad Reforzada<\/li>\n<li>Visibilidad<\/li>\n<li>Atracci\u00f3n de Talento<\/li>\n<li>Desarrollo de Clientes<\/li>\n<li>Empoderamiento de Pitchers<\/li>\n<\/ul>    <\/div>\n<\/div>\n<!-- \/module text -->        <\/div>\n                        <\/div>\n        <\/div>\n                        <div  data-lazy=\"1\" class=\"module_row themify_builder_row tb_p5l0944 tf_w\">\n            <span class=\"builder_row_cover tf_abs\"><\/span>            <div class=\"row_inner col_align_top tb_col_count_1 tf_box tf_rel\">\n                        <div  data-lazy=\"1\" class=\"module_column tb-column col-full tb_1n03945 first\">\n                    <!-- module icon -->\n<div  class=\"module module-icon tb_tcx0316    icon_horizontal\" data-lazy=\"1\">\n            <div class=\"module-icon-item\">\n                                                                <em class=\"tf_box\"><svg  class=\"tf_fa tf-fas-quote-left\" aria-hidden=\"true\"><use href=\"#tf-fas-quote-left\"><\/use><\/svg><\/em>\n                                                        <\/div>\n    <\/div>\n<!-- \/module icon -->\n<!-- module text -->\n<div  class=\"module module-text tb_m3116\" data-lazy=\"1\">\n        <div  class=\"tb_text_wrap\">\n        <p>No se trata solo de vender una idea, sino de venderse a uno mismo como el l\u00edder capaz de convertir esa idea en realidad.<\/p>    <\/div>\n<\/div>\n<!-- \/module text --><!-- module icon -->\n<div  class=\"module module-icon tb_wkzi582    icon_horizontal tf_textr\" data-lazy=\"1\">\n            <div class=\"module-icon-item\">\n                                                                <em class=\"tf_box\"><svg  class=\"tf_fa tf-fas-quote-right\" aria-hidden=\"true\"><use href=\"#tf-fas-quote-right\"><\/use><\/svg><\/em>\n                                                        <\/div>\n    <\/div>\n<!-- \/module icon -->\n        <\/div>\n                        <\/div>\n        <\/div>\n                        <div  data-lazy=\"1\" class=\"module_row themify_builder_row tb_8sqj402 tf_w\">\n                        <div class=\"row_inner col_align_top tb_col_count_1 tf_box tf_rel\">\n                        <div  data-lazy=\"1\" class=\"module_column tb-column col-full tb_g65p402 first\">\n                            <div  data-lazy=\"1\" class=\"module_subrow themify_builder_sub_row tf_w col_align_top tb_col_count_2 tb_axmj21\">\n                <div  data-lazy=\"1\" class=\"module_column sub_column col4-2 tb_incb21 first\">\n                    <!-- module image -->\n<div  class=\"module module-image tb_7m1i281 image-top   tf_mw\" data-lazy=\"1\">\n        <div class=\"image-wrap tf_rel tf_mw\">\n            <img loading=\"lazy\" decoding=\"async\" width=\"350\" height=\"300\" src=\"https:\/\/escueladepitch.com\/wp-content\/uploads\/2024\/07\/fdgfdg.png\" class=\"wp-post-image wp-image-29\" title=\"fdgfdg\" alt=\"fdgfdg\" srcset=\"https:\/\/escueladepitch.com\/wp-content\/uploads\/2024\/07\/fdgfdg.png 350w, https:\/\/escueladepitch.com\/wp-content\/uploads\/2024\/07\/fdgfdg-300x257.png 300w, https:\/\/escueladepitch.com\/wp-content\/uploads\/2024\/07\/fdgfdg-147x126.png 147w\" sizes=\"auto, (max-width: 350px) 100vw, 350px\" \/>    \n        <\/div>\n    <!-- \/image-wrap -->\n    \n        <\/div>\n<!-- \/module image -->        <\/div>\n                    <div  data-lazy=\"1\" class=\"module_column sub_column col4-2 tb_0t4522 last\">\n                    <!-- module text -->\n<div  class=\"module module-text tb_ow8d225\" data-lazy=\"1\">\n        <div  class=\"tb_text_wrap\">\n        <p>Contacta con nosotros:<\/p>    <\/div>\n<\/div>\n<!-- \/module text --><!-- module icon -->\n<div  class=\"module module-icon tb_foql693    icon_horizontal\" data-lazy=\"1\">\n            <div class=\"module-icon-item\">\n                            <a href=\"https:\/\/www.linkedin.com\/company\/escueladepitch\/\">\n                                                                    <em class=\"tf_box\"><svg  class=\"tf_fa tf-fab-linkedin\" aria-hidden=\"true\"><use href=\"#tf-fab-linkedin\"><\/use><\/svg><\/em>\n                                                                <\/a>\n                    <\/div>\n            <div class=\"module-icon-item\">\n                            <a href=\"http:\/\/wa.link\/nl0mz7\">\n                                                                    <em class=\"tf_box\"><svg  class=\"tf_fa tf-fab-whatsapp\" aria-hidden=\"true\"><use href=\"#tf-fab-whatsapp\"><\/use><\/svg><\/em>\n                                                                <\/a>\n                    <\/div>\n            <div class=\"module-icon-item\">\n                            <a href=\"https:\/\/www.instagram.com\/escueladepitch\/\">\n                                                                    <em class=\"tf_box\"><svg  class=\"tf_fa tf-fab-instagram\" aria-hidden=\"true\"><use href=\"#tf-fab-instagram\"><\/use><\/svg><\/em>\n                                                                <\/a>\n                    <\/div>\n    <\/div>\n<!-- \/module icon -->\n        <\/div>\n                    <\/div>\n        <!-- module text -->\n<div  class=\"module module-text tb_464e715\" data-lazy=\"1\">\n        <div  class=\"tb_text_wrap\">\n        <p>Escuela de Pitch \u2013 Todos los derechos reservados \u2013 Desarrollado por <strong><a href=\"https:\/\/bitbytes.solutions\/\">Bit Bytes Solutions LLC<\/a><\/strong><\/p>    <\/div>\n<\/div>\n<!-- \/module text -->        <\/div>\n                        <\/div>\n        <\/div>\n        <\/div>\n<!--\/themify_builder_content-->","protected":false},"excerpt":{"rendered":"<p>Amplia tu visi\u00f3n del Pitch y aumenta su efectividad Prop\u00f3sito EDP Transformar el pitch en una herramienta estrat\u00e9gica para el \u00e9xito Escuela de Pitch Es la academia de nueva generaci\u00f3n que amplia el significado y uso del pitch para aumentar la efectividad en el ecosistema emprendedor. Sabemos que el Pitch es una herramienta para: Capturar [&hellip;]<\/p>","protected":false},"author":1,"featured_media":0,"parent":0,"menu_order":0,"comment_status":"closed","ping_status":"closed","template":"","meta":{"footnotes":""},"class_list":["post-21","page","type-page","status-publish","hentry","has-post-title","has-post-date","has-post-category","has-post-tag","has-post-comment","has-post-author",""],"_links":{"self":[{"href":"https:\/\/escueladepitch.com\/es\/wp-json\/wp\/v2\/pages\/21","targetHints":{"allow":["GET"]}}],"collection":[{"href":"https:\/\/escueladepitch.com\/es\/wp-json\/wp\/v2\/pages"}],"about":[{"href":"https:\/\/escueladepitch.com\/es\/wp-json\/wp\/v2\/types\/page"}],"author":[{"embeddable":true,"href":"https:\/\/escueladepitch.com\/es\/wp-json\/wp\/v2\/users\/1"}],"replies":[{"embeddable":true,"href":"https:\/\/escueladepitch.com\/es\/wp-json\/wp\/v2\/comments?post=21"}],"version-history":[{"count":10,"href":"https:\/\/escueladepitch.com\/es\/wp-json\/wp\/v2\/pages\/21\/revisions"}],"predecessor-version":[{"id":38,"href":"https:\/\/escueladepitch.com\/es\/wp-json\/wp\/v2\/pages\/21\/revisions\/38"}],"wp:attachment":[{"href":"https:\/\/escueladepitch.com\/es\/wp-json\/wp\/v2\/media?parent=21"}],"curies":[{"name":"wp","href":"https:\/\/api.w.org\/{rel}","templated":true}]}}